{"id":188,"date":"2021-10-29T14:13:45","date_gmt":"2021-10-29T14:13:45","guid":{"rendered":"https:\/\/contact-mind.ch\/contact-mind-application\/"},"modified":"2022-05-31T11:35:47","modified_gmt":"2022-05-31T11:35:47","slug":"contact-mind-application","status":"publish","type":"page","link":"https:\/\/contact-mind.ch\/de\/","title":{"rendered":"Contact Mind &#8211; application"},"content":{"rendered":"[et_pb_section fb_built=&#8220;1&#8243; admin_label=&#8220;section&#8220; _builder_version=&#8220;4.11.4&#8243; background_image=&#8220;https:\/\/contact-mind.ch\/wp-content\/uploads\/2021\/10\/background-3-1.png&#8220; background_size=&#8220;initial&#8220; background_repeat=&#8220;repeat&#8220; global_colors_info=&#8220;{}&#8220;][et_pb_row _builder_version=&#8220;4.11.4&#8243; _module_preset=&#8220;default&#8220; global_colors_info=&#8220;{}&#8220;][et_pb_column type=&#8220;4_4&#8243; _builder_version=&#8220;4.11.4&#8243; _module_preset=&#8220;default&#8220; global_colors_info=&#8220;{}&#8220;][et_pb_text _builder_version=&#8220;4.11.4&#8243; _module_preset=&#8220;default&#8220; global_colors_info=&#8220;{}&#8220;]<h1 class=\"%22alignwide\" has-text-align-wide=\"\" has-gigantic-font-size=\"\" has-custom-font=\"\" 22=\"\" 1=\"\" font-family:=\"\" karla=\"\" text-align:=\"\" left=\"\"><strong>contact mind<\/strong> &#8211; mobile application<\/h1>\n<p>&nbsp;<\/p>\n<p><strong>Contact Mind ist eine App der neuen Generation f\u00fcr Unternehmen und Privatpersonen, die die intelligente QR-Contact-Touch-Technologie nutzt, um Organigramme zu erstellen, eine visuelle Karte Ihrer Telefonkontakte und vieles mehr. Mit Contact mind k\u00f6nnen Sie das Organigramm anpassen und eine visuelle Karte Ihrer Telefonkontakte und mehr erstellen. <\/strong><strong><span style=\"text-decoration: line-through;\"><\/span><\/strong><strong>Contact Mind bietet Ihnen ein neues Erlebnis, das Teilen von Gedankenkarten von Ihren Kontakten und ihrer Visitenkarte direkt mit anderen Personen. <\/strong><\/p>[\/et_pb_text][\/et_pb_column][\/et_pb_row][et_pb_row column_structure=&#8220;1_2,1_2&#8243; _builder_version=&#8220;4.11.4&#8243; _module_preset=&#8220;default&#8220; global_colors_info=&#8220;{}&#8220;][et_pb_column type=&#8220;1_2&#8243; _builder_version=&#8220;4.11.4&#8243; _module_preset=&#8220;default&#8220; global_colors_info=&#8220;{}&#8220;][et_pb_button button_url=&#8220;https:\/\/apps.apple.com\/ch\/app\/contact-mind\/id1586653775&#8243; button_text=&#8220;vom App Store herunterladen&#8220; _builder_version=&#8220;4.11.4&#8243; _module_preset=&#8220;default&#8220; custom_button=&#8220;on&#8220; button_text_color=&#8220;#f0dbc7&#8243; button_bg_color=&#8220;#000000&#8243; button_border_color=&#8220;#000000&#8243; button_border_radius=&#8220;30px&#8220; hover_enabled=&#8220;0&#8243; global_colors_info=&#8220;{}&#8220; button_alignment=&#8220;center&#8220; sticky_enabled=&#8220;0&#8243;][\/et_pb_button][\/et_pb_column][et_pb_column type=&#8220;1_2&#8243; _builder_version=&#8220;4.11.4&#8243; _module_preset=&#8220;default&#8220; global_colors_info=&#8220;{}&#8220;][et_pb_button button_url=&#8220;https:\/\/play.google.com\/store\/apps\/details?id=ch.contact_mind.app&#8220; button_text=&#8220;von Google Play herunterladen&#8220; _builder_version=&#8220;4.11.4&#8243; _module_preset=&#8220;default&#8220; custom_button=&#8220;on&#8220; button_text_color=&#8220;#f0dbc7&#8243; button_bg_color=&#8220;#000000&#8243; button_border_color=&#8220;#000000&#8243; button_border_radius=&#8220;30px&#8220; hover_enabled=&#8220;0&#8243; global_colors_info=&#8220;{}&#8220; button_alignment=&#8220;center&#8220; sticky_enabled=&#8220;0&#8243;][\/et_pb_button][\/et_pb_column][\/et_pb_row][et_pb_row column_structure=&#8220;1_3,1_3,1_3&#8243; disabled_on=&#8220;on|on|off&#8220; _builder_version=&#8220;4.11.4&#8243; _module_preset=&#8220;default&#8220; global_colors_info=&#8220;{}&#8220;][et_pb_column type=&#8220;1_3&#8243; _builder_version=&#8220;4.11.4&#8243; _module_preset=&#8220;default&#8220; global_colors_info=&#8220;{}&#8220;][et_pb_image src=&#8220;https:\/\/contact-mind.ch\/wp-content\/uploads\/2022\/01\/iphone-341&#215;664-1.webp&#8220; alt=&#8220;contact mind app&#8220; title_text=&#8220;iphone 341&#215;664&#8243; _builder_version=&#8220;4.11.4&#8243; _module_preset=&#8220;default&#8220; global_colors_info=&#8220;{}&#8220;][\/et_pb_image][\/et_pb_column][et_pb_column type=&#8220;1_3&#8243; _builder_version=&#8220;4.11.4&#8243; _module_preset=&#8220;default&#8220; global_colors_info=&#8220;{}&#8220;][et_pb_image src=&#8220;https:\/\/contact-mind.ch\/wp-content\/uploads\/2022\/01\/app2-341&#215;664-1.webp&#8220; alt=&#8220;contact mind&#8220; title_text=&#8220;app2 341&#215;664&#8243; _builder_version=&#8220;4.11.4&#8243; _module_preset=&#8220;default&#8220; global_colors_info=&#8220;{}&#8220;][\/et_pb_image][\/et_pb_column][et_pb_column type=&#8220;1_3&#8243; _builder_version=&#8220;4.11.4&#8243; _module_preset=&#8220;default&#8220; global_colors_info=&#8220;{}&#8220;][et_pb_image src=&#8220;https:\/\/contact-mind.ch\/wp-content\/uploads\/2022\/01\/app3-341&#215;664-1.webp&#8220; alt=&#8220;organigram- contact mind&#8220; title_text=&#8220;app3 341&#215;664&#8243; _builder_version=&#8220;4.11.4&#8243; _module_preset=&#8220;default&#8220; global_colors_info=&#8220;{}&#8220;][\/et_pb_image][\/et_pb_column][\/et_pb_row][et_pb_row column_structure=&#8220;1_3,1_3,1_3&#8243; disabled_on=&#8220;off|off|on&#8220; _builder_version=&#8220;4.11.4&#8243; _module_preset=&#8220;default&#8220; global_colors_info=&#8220;{}&#8220; custom_margin=&#8220;29px|auto||auto||&#8220;][et_pb_column type=&#8220;1_3&#8243; _builder_version=&#8220;4.11.4&#8243; _module_preset=&#8220;default&#8220; global_colors_info=&#8220;{}&#8220;][et_pb_image src=&#8220;https:\/\/contact-mind.ch\/wp-content\/uploads\/2022\/01\/iphone-341&#215;664-1.webp&#8220; alt=&#8220;contact mind app&#8220; title_text=&#8220;iphone 341&#215;664&#8243; _builder_version=&#8220;4.11.4&#8243; _module_preset=&#8220;default&#8220; width=&#8220;40%&#8220; max_width=&#8220;40%&#8220; module_alignment=&#8220;center&#8220; global_colors_info=&#8220;{}&#8220;][\/et_pb_image][\/et_pb_column][et_pb_column type=&#8220;1_3&#8243; _builder_version=&#8220;4.11.4&#8243; _module_preset=&#8220;default&#8220; global_colors_info=&#8220;{}&#8220;][et_pb_image src=&#8220;https:\/\/contact-mind.ch\/wp-content\/uploads\/2022\/01\/app2-341&#215;664-1.webp&#8220; alt=&#8220;contact mind&#8220; title_text=&#8220;app2 341&#215;664&#8243; _builder_version=&#8220;4.11.4&#8243; _module_preset=&#8220;default&#8220; width=&#8220;40%&#8220; max_width=&#8220;41%&#8220; module_alignment=&#8220;center&#8220; global_colors_info=&#8220;{}&#8220;][\/et_pb_image][\/et_pb_column][et_pb_column type=&#8220;1_3&#8243; _builder_version=&#8220;4.11.4&#8243; _module_preset=&#8220;default&#8220; global_colors_info=&#8220;{}&#8220;][et_pb_image src=&#8220;https:\/\/contact-mind.ch\/wp-content\/uploads\/2022\/01\/app3-341&#215;664-1.webp&#8220; alt=&#8220;organigram- contact mind&#8220; title_text=&#8220;app3 341&#215;664&#8243; _builder_version=&#8220;4.11.4&#8243; _module_preset=&#8220;default&#8220; width=&#8220;40%&#8220; max_width=&#8220;40%&#8220; module_alignment=&#8220;center&#8220; global_colors_info=&#8220;{}&#8220;][\/et_pb_image][\/et_pb_column][\/et_pb_row][et_pb_row _builder_version=&#8220;4.11.4&#8243; _module_preset=&#8220;default&#8220; global_colors_info=&#8220;{}&#8220;][et_pb_column type=&#8220;4_4&#8243; _builder_version=&#8220;4.11.4&#8243; _module_preset=&#8220;default&#8220; global_colors_info=&#8220;{}&#8220;][et_pb_text _builder_version=&#8220;4.11.4&#8243; _module_preset=&#8220;default&#8220; global_colors_info=&#8220;{}&#8220;]<p><!-- \/wp:post-content --><\/p>\n<p><!-- wp:heading --><\/p>\n<h2 style=%22text-align: left;%22><strong>Behalten Sie Ihre Kontakte im Auge mit Contact Mind.<\/strong><\/h2>[\/et_pb_text][\/et_pb_column][\/et_pb_row][et_pb_row column_structure=&#8220;1_3,1_3,1_3&#8243; _builder_version=&#8220;4.11.4&#8243; _module_preset=&#8220;default&#8220; global_colors_info=&#8220;{}&#8220;][et_pb_column type=&#8220;1_3&#8243; _builder_version=&#8220;4.11.4&#8243; _module_preset=&#8220;default&#8220; global_colors_info=&#8220;{}&#8220;][et_pb_text _builder_version=&#8220;4.11.4&#8243; _module_preset=&#8220;default&#8220; global_colors_info=&#8220;{}&#8220;]<h3 class=\"%22has-text-align-left%22\"><strong>\u00dcber die app<\/strong><\/h3>\n<p><!-- \/wp:heading --><\/p>\n<p><!-- wp:paragraph --><\/p>\n<p class=\"%22has-text-align-left%22\">Mit unserer App k\u00f6nnen Sie Ihr Kontaktbuch auf Ihrem mobilen Ger\u00e4t abbilden und die visuellen Elemente nach Ihren W\u00fcnschen und Bed\u00fcrfnissen anordnen.<\/p>\n<p><!-- \/wp:paragraph --><\/p>\n<p><!-- wp:paragraph --><\/p>\n<p class=\"%22has-text-align-left%22\">Contact Mind nutzt auch die Easy-Touch-Technologie, um ein Organigramm (Karte) Ihrer bestehenden Kontakte zu erstellen, das Sie dann nach Ihren W\u00fcnschen farblich gestalten k\u00f6nnen.<\/p>[\/et_pb_text][\/et_pb_column][et_pb_column type=&#8220;1_3&#8243; _builder_version=&#8220;4.11.4&#8243; _module_preset=&#8220;default&#8220; global_colors_info=&#8220;{}&#8220;][et_pb_text _builder_version=&#8220;4.11.4&#8243; _module_preset=&#8220;default&#8220; global_colors_info=&#8220;{}&#8220;]<h3><strong>Organigramme<\/strong><\/h3>\n<p><!-- \/wp:paragraph --><\/p>\n<p><!-- wp:paragraph --><\/p>\n<p>Dar\u00fcber hinaus haben Sie die M\u00f6glichkeit, die Kartenstruktur Ihres Organigramms zu definieren, indem Sie Ihre Kontakte in Kategorien von Gruppen, Interessen oder Abteilungen sortieren und jede \u00dcberschrift personalisieren.<\/p>\n<p>Diese Funktion erm\u00f6glicht die Einordnung gem\u00e4\u00df seiner eigenen Logik, eine einfachere Navigation um die gew\u00fcnschte(n) Person(en) innerhalb Ihrer Kontakte\u00a0zu finden.<\/p>\n<p>Das Teilen der Karte mit anderen Personen ist ein effizientes Werkzeug, das die Aktualisierung der geteilten Daten f\u00fcr all Diejenigen die Zugang zur Karte haben erm\u00f6glicht.<\/p>[\/et_pb_text][\/et_pb_column][et_pb_column type=&#8220;1_3&#8243; _builder_version=&#8220;4.11.4&#8243; _module_preset=&#8220;default&#8220; global_colors_info=&#8220;{}&#8220;][et_pb_text _builder_version=&#8220;4.11.4&#8243; _module_preset=&#8220;default&#8220; global_colors_info=&#8220;{}&#8220;]<h3><strong>QR code<\/strong><\/h3>\n<p><!-- \/wp:paragraph --><\/p>\n<p><!-- wp:paragraph --><\/p>\n<p>Mit einer einfachen Ber\u00fchrung k\u00f6nnen Sie die Karte erstellen, Ihre Kontakte markieren, SMS oder E-Mails senden und die Vorteile der QR-Code Contact Touch-Technologie nutzen.<\/p>[\/et_pb_text][\/et_pb_column][\/et_pb_row][et_pb_row _builder_version=&#8220;4.11.4&#8243; _module_preset=&#8220;default&#8220; custom_padding=&#8220;0px||4px|||&#8220; global_colors_info=&#8220;{}&#8220;][et_pb_column type=&#8220;4_4&#8243; _builder_version=&#8220;4.11.4&#8243; _module_preset=&#8220;default&#8220; global_colors_info=&#8220;{}&#8220;][et_pb_text _builder_version=&#8220;4.11.4&#8243; _module_preset=&#8220;default&#8220; text_text_color=&#8220;#FFFFFF&#8220; header_text_color=&#8220;#FFFFFF&#8220; header_2_text_color=&#8220;#FFFFFF&#8220; background_color=&#8220;#f0dbff&#8220; custom_margin=&#8220;2px|20px|20px|20px|false|false&#8220; custom_padding=&#8220;20px|20px|20px|20px|false|false&#8220; global_colors_info=&#8220;{}&#8220;]<h2><strong><\/strong><\/h2>\n<h2><strong>Und so funktioniert&#8217;s:<\/strong><\/h2>\n<p><strong><\/strong><\/p>\n<p><strong>Ber\u00fchren Sie einfach Ihr Telefon und der Kontakt wird direkt in Ihr Kontaktbuch gescannt. Sie k\u00f6nnen es dann organisieren, wie Sie m\u00f6chten \u2013 Sie k\u00f6nnen Organigramme nach Abteilungen erstellen, wenn Sie in einem Unternehmen arbeiten oder Sie k\u00f6nnen Ihre Kontaktnamen nach Themen organisieren \u2013 ganz so wie Sie es f\u00fcr richtig halten!<\/strong><\/p>\n<p><strong>Entdecken Sie jetzt unsere neue mobile App!<\/strong><\/p>\n<p class=\"%22p1%22\"><span style=\"text-decoration: underline;\"><strong><span style=\"color: #111111;\"><a href=\"https:\/\/youtu.be\/pTkxYlRuJrQ\" style=\"color: #111111;\"><span 3f3f3f=\"\" 22=\"\"><span underline=\"\" 22=\"\">Video jetzt ansehen<\/span><\/span><\/a><\/span><\/strong><\/span><\/p>\n<p class=\"%22p1%22\"><strong><\/strong><\/p>[\/et_pb_text][\/et_pb_column][\/et_pb_row][et_pb_row admin_label=&#8220;Reihe&#8220; _builder_version=&#8220;4.11.4&#8243; background_size=&#8220;initial&#8220; background_position=&#8220;top_left&#8220; background_repeat=&#8220;repeat&#8220; custom_padding=&#8220;43px|||||&#8220; global_colors_info=&#8220;{}&#8220;][et_pb_column type=&#8220;4_4&#8243; _builder_version=&#8220;3.25&#8243; custom_padding=&#8220;|||&#8220; global_colors_info=&#8220;{}&#8220; custom_padding__hover=&#8220;|||&#8220;][et_pb_text _builder_version=&#8220;4.11.4&#8243; _module_preset=&#8220;default&#8220; global_colors_info=&#8220;{}&#8220;]<h2><span class=\"%22s1%22\"><b>F\u00fcr wen ist Contact Mind gedacht?<\/b><\/span><\/h2>\n<p><span class=\"%22s1%22\"><b><\/b><\/span><\/p>\n<p><span class=\"%22s1%22\"><b><\/b><\/span><\/p>\n<ul class=\"%22ul1%22\">\n<li><strong>Einzelpersonen,\u00a0<\/strong>\u2013 die gerne Details organisieren und Ordnung halten wollen &#8211; &gt; Vereinfachung<\/li>\n<li><strong>Professionelle<\/strong>, \u2013 Berufst\u00e4tige, die Effizienz sch\u00e4tzen und Zeit und M\u00fche sparen wollen -&gt; Produktivit\u00e4t, Effizienz<\/li>\n<li><strong>Companies<\/strong>, -Unternehmen, die wissen wie wichtig es ist ihre Datenbanken und Abteilungen zu rationalisieren -&gt; Optimierung\n<\/li>\n<\/ul>[\/et_pb_text][\/et_pb_column][\/et_pb_row][et_pb_row admin_label=&#8220;Reihe&#8220; _builder_version=&#8220;3.25&#8243; background_size=&#8220;initial&#8220; background_position=&#8220;top_left&#8220; background_repeat=&#8220;repeat&#8220; custom_padding=&#8220;6px|||||&#8220; global_colors_info=&#8220;{}&#8220;][et_pb_column type=&#8220;4_4&#8243; _builder_version=&#8220;3.25&#8243; custom_padding=&#8220;|||&#8220; global_colors_info=&#8220;{}&#8220; custom_padding__hover=&#8220;|||&#8220;][et_pb_text _builder_version=&#8220;4.11.4&#8243; _module_preset=&#8220;default&#8220; custom_margin=&#8220;||-8px|||&#8220; global_colors_info=&#8220;{}&#8220;]<h2><span class=%22s1%22><b>\u00dcber die Funktionalit\u00e4t der kostenlosen Version von Contact Mind:<\/b><\/span><\/h2>\n<h2><span class=%22s2%22><\/span><\/h2>[\/et_pb_text][\/et_pb_column][\/et_pb_row][et_pb_row _builder_version=&#8220;4.11.4&#8243; _module_preset=&#8220;default&#8220; custom_padding=&#8220;0px|||||&#8220; global_colors_info=&#8220;{}&#8220;][et_pb_column type=&#8220;4_4&#8243; _builder_version=&#8220;4.11.4&#8243; _module_preset=&#8220;default&#8220; global_colors_info=&#8220;{}&#8220;][et_pb_text _builder_version=&#8220;4.11.4&#8243; _module_preset=&#8220;default&#8220; global_colors_info=&#8220;{}&#8220;]<p>Mit dem kostenlosen Download der App von Contact Mind haben Sie Ihr eigenes, personalisiertes Konto, Zugang zur Erstellung von Organigrammen, die M\u00f6glichkeit, Gruppen, Untergruppen, F\u00e4higkeiten und Themen in Ihrem Organigramm zu erstellen. Mit QR-Codes k\u00f6nnen Sie Visitenkarten scannen und speichern. Sie k\u00f6nnen sogar einen pers\u00f6nlichen QR-Code erstellen, um Ihre Visitenkarte zu verteilen. Die App ist kompatibel mit iPhone und Android. Sie verf\u00fcgt \u00fcber die Funktion zum Zoomen und zur Vorschau des Organigramms. Die App funktioniert sowohl online als auch offline. Benutzer k\u00f6nnen nach Kompetenzen (tag) suchen. Benutzerfreundliche Funktionen: Einfaches Bearbeiten von Gruppen und Kontakten. Teilen Sie Karten mit Freunden und Kollegen. Sie k\u00f6nnen diese auf Bildschirme \u00fcbertragen und V-Cards mit anderen teilen<\/p>[\/et_pb_text][\/et_pb_column][\/et_pb_row][\/et_pb_section]","protected":false},"excerpt":{"rendered":"<p>contact mind &#8211; mobile application &nbsp; Contact Mind ist eine App der neuen Generation f\u00fcr Unternehmen und Privatpersonen, die die intelligente QR-Contact-Touch-Technologie nutzt, um Organigramme zu erstellen, eine visuelle Karte Ihrer Telefonkontakte und vieles mehr. Mit Contact mind k\u00f6nnen Sie das Organigramm anpassen und eine visuelle Karte Ihrer Telefonkontakte und mehr erstellen. Contact Mind bietet [&hellip;]<\/p>\n","protected":false},"author":1,"featured_media":0,"parent":0,"menu_order":0,"comment_status":"closed","ping_status":"closed","template":"","meta":{"_et_pb_use_builder":"on","_et_pb_old_content":"","_et_gb_content_width":"","_coblocks_attr":"","_coblocks_dimensions":"","_coblocks_responsive_height":"","_coblocks_accordion_ie_support":"","footnotes":""},"class_list":["post-188","page","type-page","status-publish","hentry"],"_links":{"self":[{"href":"https:\/\/contact-mind.ch\/de\/wp-json\/wp\/v2\/pages\/188","targetHints":{"allow":["GET"]}}],"collection":[{"href":"https:\/\/contact-mind.ch\/de\/wp-json\/wp\/v2\/pages"}],"about":[{"href":"https:\/\/contact-mind.ch\/de\/wp-json\/wp\/v2\/types\/page"}],"author":[{"embeddable":true,"href":"https:\/\/contact-mind.ch\/de\/wp-json\/wp\/v2\/users\/1"}],"replies":[{"embeddable":true,"href":"https:\/\/contact-mind.ch\/de\/wp-json\/wp\/v2\/comments?post=188"}],"version-history":[{"count":7,"href":"https:\/\/contact-mind.ch\/de\/wp-json\/wp\/v2\/pages\/188\/revisions"}],"predecessor-version":[{"id":345,"href":"https:\/\/contact-mind.ch\/de\/wp-json\/wp\/v2\/pages\/188\/revisions\/345"}],"wp:attachment":[{"href":"https:\/\/contact-mind.ch\/de\/wp-json\/wp\/v2\/media?parent=188"}],"curies":[{"name":"wp","href":"https:\/\/api.w.org\/{rel}","templated":true}]}}